{"id":47431,"date":"2023-03-16T12:39:23","date_gmt":"2023-03-16T09:39:23","guid":{"rendered":"https:\/\/yarmakrealestate.pl\/polityka-prywatnosci\/"},"modified":"2024-02-26T00:11:02","modified_gmt":"2024-02-25T21:11:02","slug":"polityka-prywatnosci","status":"publish","type":"page","link":"https:\/\/yarmakrealestate.pl\/pl\/polityka-prywatnosci\/","title":{"rendered":"Polityka prywatno\u015bci"},"content":{"rendered":"\t\t<div data-elementor-type=\"wp-page\" data-elementor-id=\"47431\" class=\"elementor elementor-47431 elementor-3\" data-elementor-post-type=\"page\">\n\t\t\t\t\t\t\t<div class=\"elementor-element elementor-element-3800241 e-flex e-con-boxed e-con e-parent\" data-id=\"3800241\" data-element_type=\"container\" data-settings=\"{&quot;content_width&quot;:&quot;boxed&quot;}\" data-core-v316-plus=\"true\">\n\t\t\t\t\t<div class=\"e-con-inner\">\n\t\t\t\t<div class=\"elementor-element elementor-element-3a17a10 elementor-widget__width-initial animated-slow elementor-invisible elementor-widget elementor-widget-heading\" data-id=\"3a17a10\" data-element_type=\"widget\" data-settings=\"{&quot;_animation&quot;:&quot;fadeIn&quot;}\" data-widget_type=\"heading.default\">\n\t\t\t\t<div class=\"elementor-widget-container\">\n\t\t\t<style>\/*! elementor - v3.18.0 - 20-12-2023 *\/\n.elementor-heading-title{padding:0;margin:0;line-height:1}.elementor-widget-heading .elementor-heading-title[class*=elementor-size-]>a{color:inherit;font-size:inherit;line-height:inherit}.elementor-widget-heading .elementor-heading-title.elementor-size-small{font-size:15px}.elementor-widget-heading .elementor-heading-title.elementor-size-medium{font-size:19px}.elementor-widget-heading .elementor-heading-title.elementor-size-large{font-size:29px}.elementor-widget-heading .elementor-heading-title.elementor-size-xl{font-size:39px}.elementor-widget-heading .elementor-heading-title.elementor-size-xxl{font-size:59px}<\/style><h2 class=\"elementor-heading-title elementor-size-default\">POLITYKA PRYWATNO\u015aCI<\/h2>\t\t<\/div>\n\t\t\t\t<\/div>\n\t\t\t\t\t<\/div>\n\t\t\t\t<\/div>\n\t\t<div class=\"elementor-element elementor-element-619a32ee e-flex e-con-boxed e-con e-parent\" data-id=\"619a32ee\" data-element_type=\"container\" data-settings=\"{&quot;content_width&quot;:&quot;boxed&quot;}\" data-core-v316-plus=\"true\">\n\t\t\t\t\t<div class=\"e-con-inner\">\n\t\t\t\t<div class=\"elementor-element elementor-element-267066de elementor-widget elementor-widget-text-editor\" data-id=\"267066de\" data-element_type=\"widget\" data-widget_type=\"text-editor.default\">\n\t\t\t\t<div class=\"elementor-widget-container\">\n\t\t\t<style>\/*! elementor - v3.18.0 - 20-12-2023 *\/\n.elementor-widget-text-editor.elementor-drop-cap-view-stacked .elementor-drop-cap{background-color:#69727d;color:#fff}.elementor-widget-text-editor.elementor-drop-cap-view-framed .elementor-drop-cap{color:#69727d;border:3px solid;background-color:transparent}.elementor-widget-text-editor:not(.elementor-drop-cap-view-default) .elementor-drop-cap{margin-top:8px}.elementor-widget-text-editor:not(.elementor-drop-cap-view-default) .elementor-drop-cap-letter{width:1em;height:1em}.elementor-widget-text-editor .elementor-drop-cap{float:left;text-align:center;line-height:1;font-size:50px}.elementor-widget-text-editor .elementor-drop-cap-letter{display:inline-block}<\/style>\t\t\t\t\n<h5 class=\"wp-block-heading\"><strong>1. POSTANOWIENIA OG\u00d3LNE<\/strong><\/h5>\n\n<p>1. Administratorem danych osobowych zbieranych za po\u015brednictwem Serwisu internetowego https:\/\/yarmakrealestate.pl\/ jest Aleh Yarmak prowadz\u0105cy dzia\u0142alno\u015b\u0107 gospodarcz\u0105 pod firm\u0105 Aleh Yarmak w Sulej\u00f3wku przy ul. Wodoci\u0105gowa 9\/13, NIP 8222380102, REGON 385586540, wpisanym\/n\u0105 do Centralnej Ewidencji i Informacji o Dzia\u0142alno\u015bci Gospodarczej Rzeczypospolitej Polskiej adres poczty elektronicznej (e-mail): alehyarmak.realestate@gmail.com, telefon +48 (536) 468 567 zwana dalej \u201eAdministratorem&#8221; i b\u0119d\u0105ca jednocze\u015bnie \u201eUs\u0142ugodawc\u0105\u201d.<\/p>\n\n<p>Dane osobowe zbierane przez Administratora za po\u015brednictwem strony internetowej s\u0105 przetwarzane zgodnie z\u00a0Rozporz\u0105dzeniem Parlamentu Europejskiego i\u00a0Rady (UE) 2016\/679 z\u00a0dnia 27 kwietnia 2016 r. w\u00a0sprawie ochrony os\u00f3b fizycznych w\u00a0zwi\u0105zku z\u00a0przetwarzaniem danych osobowych i\u00a0w sprawie swobodnego przep\u0142ywu takich danych oraz uchylenia dyrektywy 95\/46\/WE (og\u00f3lne rozporz\u0105dzenie o\u00a0ochronie danych), zwane dalej <strong>RODO.<\/strong><\/p>\n\n<p>2. Wszelkie wyrazy lub wyra\u017cenia pisane w tre\u015bci niniejszej Polityki Prywatno\u015bci z du\u017cej litery nale\u017cy rozumie\u0107 zgodnie z ich definicj\u0105 zawart\u0105 w Regulaminie Serwisu internetowego https:\/\/yarmakrealestate.pl\/<\/p>\n\n<h5 class=\"wp-block-heading\"><strong><strong>2. RODZAJ PRZETWARZANYCH DANYCH OSOBOWYCH, CEL I ZAKRES ZBIERANIA DANYCH<\/strong><\/strong><\/h5>\n\n<p>1. <strong>CEL PRZETWARZANIA I PODSTAWA PRAWNA.<\/strong> Administrator przetwarza dane osobowe Us\u0142ugobiorc\u00f3w Serwisu https:\/\/yarmakrealestate.pl\/ w przypadku:<\/p>\n\n<p>1.1. rejestracji Konta w Serwisie, w celu utworzenia indywidualnego konta i zarz\u0105dzania tym Kontem, na podstawie art. 6 ust. 1 lit. b) RODO (realizacja umowy o \u015bwiadczenie us\u0142ugi drog\u0105 elektroniczn\u0105 zgodnie z Regulaminem Serwisu),<\/p>\n\n<p>1.2.skorzystania z Formularza Kontaktowego, w celu wys\u0142ania wiadomo\u015bci do Administratora, na podstawie art. 6 ust. 1 lit. f) RODO (prawnie uzasadniony interes przedsi\u0119biorcy).<\/p>\n\n<p>1.3. skorzystanie z Czatu, w celu skontaktowania si\u0119 z Administratorem, na podstawie art. 6 ust. 1 lit. f) RODO (prawnie uzasadniony interes przedsi\u0119biorcy).<\/p>\n\n<p>1.4. zapisania si\u0119 do Newslettera w celu przesy\u0142ania informacji handlowych drog\u0105 elektroniczn\u0105. Dane osobowe s\u0105 przetwarzane po wyra\u017ceniu odr\u0119bnej zgody, na podstawie art. 6 ust. 1 lit. a) RODO.<\/p>\n\n<p>2. <strong>RODZAJ PRZETWARZANYCH DANYCH OSOBOWYCH.<\/strong> Us\u0142ugobiorca podaje, w przypadku:<\/p>\n\n<p><strong>2.1. Konta<\/strong>: imi\u0119 i nazwisko, login, adres, adres e-mail.<\/p>\n\n<p><strong>2.2. Formularza Kontaktowego<\/strong>: imi\u0119, adres mailowy.<\/p>\n\n<p><strong>2.3. Czatu: <\/strong>imi\u0119 i nazwisko, adres email.<\/p>\n\n<p><strong>2.4. Newslettera<\/strong>: imi\u0119 i nazwisko, adres e-mail.<\/p>\n\n<p><strong>3. OKRES ARCHIWIZACJI DANYCH OSOBOWYCH.<\/strong> Dane osobowe Us\u0142ugobiorc\u00f3w przechowywane s\u0105 przez Administratora:<\/p>\n\n<p>3.1. w przypadku, gdy podstaw\u0105 przetwarzania danych jest wykonanie umowy, tak d\u0142ugo, jak jest to niezb\u0119dne do wykonania umowy, a po tym czasie przez okres odpowiadaj\u0105cy okresowi przedawnienia roszcze\u0144. Je\u017celi przepis szczeg\u00f3lny nie stanowi inaczej, termin przedawnienia wynosi lat sze\u015b\u0107, a dla roszcze\u0144 o \u015bwiadczenia okresowe oraz roszcze\u0144 zwi\u0105zanych z prowadzeniem dzia\u0142alno\u015bci gospodarczej &#8211; trzy lata.<\/p>\n\n<p>3.2. w przypadku, gdy podstaw\u0105 przetwarzania danych jest zgoda, tak d\u0142ugo, a\u017c zgoda nie zostanie odwo\u0142ana, a po odwo\u0142aniu zgody przez okres czasu odpowiadaj\u0105cy okresowi przedawnienia roszcze\u0144 jakie mo\u017ce podnosi\u0107 Administrator i jakie mog\u0105 by\u0107 podnoszone wobec niego. Je\u017celi przepis szczeg\u00f3lny nie stanowi inaczej, termin przedawnienia wynosi lat sze\u015b\u0107, a dla roszcze\u0144 o \u015bwiadczenia okresowe oraz roszcze\u0144 zwi\u0105zanych z prowadzeniem dzia\u0142alno\u015bci gospodarczej &#8211; trzy lata.<\/p>\n\n<p>4. Podczas korzystania z Serwisu mog\u0105 by\u0107 pobierane dodatkowe informacje, w szczeg\u00f3lno\u015bci: adres IP przypisany do komputera Us\u0142ugobiorcy lub zewn\u0119trzny adres IP dostawcy Internetu, nazwa domeny, rodzaj przegl\u0105darki, czas dost\u0119pu, typ systemu operacyjnego.<\/p>\n\n<p>5. Po wyra\u017ceniu odr\u0119bnej zgody, na podstawie art. 6 ust. 1 lit. a) RODO dane mog\u0105 by\u0107 przetwarzane r\u00f3wnie\u017c w celu przesy\u0142ania informacji handlowych drog\u0105 elektroniczn\u0105 lub wykonywania telefonicznych po\u0142\u0105cze\u0144 w celu marketingu bezpo\u015bredniego \u2013 odpowiednio w zwi\u0105zku z art. 10 ust. 2 Ustawy z dnia 18 lipca 2002 roku o \u015bwiadczeniu us\u0142ug drog\u0105 elektroniczn\u0105 lub art. 172 ust. 1 Ustawy z dnia 16 lipca 2004 roku \u2013 Prawo Telekomunikacyjne, w tym kierowanych w wyniku profilowania, o ile Us\u0142ugobiorca wyrazi\u0142 stosown\u0105 zgod\u0119.<\/p>\n\n<p>6. Od Us\u0142ugobiorc\u00f3w mog\u0105 by\u0107 tak\u017ce gromadzone dane nawigacyjne, w tym informacje o linkach i odno\u015bnikach, w kt\u00f3re zdecyduj\u0105 si\u0119 klikn\u0105\u0107 lub innych czynno\u015bciach, podejmowanych w Serwisie. Podstaw\u0105 prawn\u0105 tego rodzaju czynno\u015bci jest prawnie uzasadniony interes Administratora (art. 6 ust. 1 lit. f RODO), polegaj\u0105cy na u\u0142atwieniu korzystania z us\u0142ug \u015bwiadczonych drog\u0105 elektroniczn\u0105 oraz na poprawie funkcjonalno\u015bci tych us\u0142ug.<\/p>\n\n<p>7. Podanie danych osobowych przez Us\u0142ugobiorc\u0119 jest dobrowolne.<\/p>\n\n<p>8. Administrator dok\u0142ada szczeg\u00f3lnej staranno\u015bci w celu ochrony interes\u00f3w os\u00f3b, kt\u00f3rych dane dotycz\u0105, a w szczeg\u00f3lno\u015bci zapewnia, \u017ce zbierane przez niego dane s\u0105:<\/p>\n\n<p>8.1. przetwarzane zgodnie z prawem,<\/p>\n\n<p>8.2. zbierane dla oznaczonych, zgodnych z prawem cel\u00f3w i niepoddawane dalszemu przetwarzaniu niezgodnemu z tymi celami.<\/p>\n\n<p>8.3. merytorycznie poprawne i adekwatne w stosunku do cel\u00f3w, w jakich s\u0105 przetwarzane oraz przechowywane w postaci umo\u017cliwiaj\u0105cej identyfikacj\u0119 os\u00f3b, kt\u00f3rych dotycz\u0105, nie d\u0142u\u017cej ni\u017c jest to niezb\u0119dne do osi\u0105gni\u0119cia celu przetwarzania.<\/p>\n\n<h5 class=\"wp-block-heading\"><strong><strong>3. UDOST\u0118PNIENIE DANYCH OSOBOWYCH<\/strong><\/strong><\/h5>\n\n<p>1. Dane osobowe Us\u0142ugobiorc\u00f3w przekazywane s\u0105 dostawcom us\u0142ug, z kt\u00f3rych korzysta Administrator przy prowadzeniu Serwisu, a w szczeg\u00f3lno\u015bci do:<\/p>\n\n<p>1.1. biura ksi\u0119gowego,<\/p>\n\n<p>1.2. hostingodawcy,<\/p>\n\n<p>1.3. dostawcy oprogramowania umo\u017cliwiaj\u0105cego prowadzenie dzia\u0142alno\u015bci,<\/p>\n\n<p>1.4. podmiot\u00f3w zapewniaj\u0105cych system mailingowy,<\/p>\n\n<p>1.5. dostawcy oprogramowania potrzebnego do prowadzenia serwisu internetowego.<\/p>\n\n<p>2. Dostawcy us\u0142ug, o kt\u00f3rych mowa w pkt 1 niniejszego paragrafu, kt\u00f3rym przekazywane s\u0105 dane osobowe, w zale\u017cno\u015bci od uzgodnie\u0144 umownych i okoliczno\u015bci, albo podlegaj\u0105 poleceniom Administratora co do cel\u00f3w i sposob\u00f3w przetwarzania tych danych (podmioty przetwarzaj\u0105ce) albo samodzielnie okre\u015blaj\u0105 cele i sposoby ich przetwarzania (administratorzy).<\/p>\n\n<p>3. Dane osobowe Us\u0142ugobiorc\u00f3w s\u0105 przechowywane wy\u0142\u0105cznie na terenie Europejskiego Obszaru Gospodarczego (EOG), z zastrze\u017ceniem \u00a75 pkt 5 Polityki Prywatno\u015bci.<\/p>\n\n<h5 class=\"wp-block-heading\"><strong>4. PRAWO KONTROLI, DOST\u0118PU DO TRE\u015aCI W\u0141ASNYCH DANYCH ORAZ ICH POPRAWIANIA<\/strong><\/h5>\n\n<p>1. Osoba, kt\u00f3rej dane dotycz\u0105, ma prawo dost\u0119pu do tre\u015bci swoich danych osobowych oraz prawo ich sprostowania, usuni\u0119cia, ograniczenia przetwarzania, prawo do przenoszenia danych, prawo wniesienia sprzeciwu, prawo do cofni\u0119cia zgody w dowolnym momencie bez wp\u0142ywu na zgodno\u015b\u0107 z prawem przetwarzania, kt\u00f3rego dokonano na podstawie zgody przed jej cofni\u0119ciem.<\/p>\n\n<p>2. Podstawy prawne \u017c\u0105dania Us\u0142ugobiorcy:<\/p>\n\n<p><strong>2.1. Dost\u0119p do danych<\/strong> \u2013 art. 15 RODO.<\/p>\n\n<p><strong>2.2. Sprostowanie danych<\/strong> \u2013 art. 16 RODO.<\/p>\n\n<p><strong>2.3. Usuni\u0119cie danych (tzw. prawo do bycia zapomnianym) <\/strong>\u2013 art. 17 RODO.<\/p>\n\n<p><strong>2.4. Ograniczenie przetwarzania<\/strong> \u2013 art. 18 RODO.<\/p>\n\n<p><strong>2.5. Przeniesienie danych <\/strong>\u2013 art. 20 RODO.<\/p>\n\n<p><strong>2.6. Sprzeciw <\/strong>\u2013 art. 21 RODO<\/p>\n\n<p><strong>2.7. Cofni\u0119cie zgody <\/strong>\u2013 art. 7 ust. 3 RODO.<\/p>\n\n<p>3. W celu realizacji uprawnie\u0144, o kt\u00f3rych mowa w pkt 2 mo\u017cna wys\u0142a\u0107 stosown\u0105 wiadomo\u015b\u0107 e-mail na adres: alehyarmak.realestate@gmail.com<\/p>\n\n<p>4. W sytuacji wyst\u0105pienia przez Us\u0142ugobiorc\u0119 z uprawnieniem wynikaj\u0105cym z powy\u017cszych praw, Administrator spe\u0142nia \u017c\u0105danie albo odmawia jego spe\u0142nienia niezw\u0142ocznie, nie p\u00f3\u017aniej jednak ni\u017c w ci\u0105gu miesi\u0105ca po jego otrzymaniu. Je\u017celi jednak &#8211; z uwagi na skomplikowany charakter \u017c\u0105dania lub liczb\u0119 \u017c\u0105da\u0144 \u2013 Administrator nie b\u0119dzie m\u00f3g\u0142 spe\u0142ni\u0107 \u017c\u0105dania w ci\u0105gu miesi\u0105ca, spe\u0142ni je w ci\u0105gu kolejnych dw\u00f3ch miesi\u0119cy informuj\u0105c Us\u0142ugobiorc\u0119 uprzednio w terminie miesi\u0105ca od otrzymania \u017c\u0105dania &#8211; o zamierzonym przed\u0142u\u017ceniu terminu oraz jego przyczynach.<\/p>\n\n<p>5. W przypadku stwierdzenia, \u017ce przetwarzanie danych osobowych narusza przepisy RODO, osoba, kt\u00f3rej dane dotycz\u0105, ma prawo wnie\u015b\u0107 skarg\u0119 do Prezesa Urz\u0119du Ochrony Danych Osobowych.<\/p>\n\n<h5 class=\"wp-block-heading\"><strong><strong>5. PLIKI &#8220;COOKIES&#8221;<\/strong><\/strong><\/h5>\n\n<p>1. Strona Administratora u\u017cywa plik\u00f3w\u201ecookies\u201d.<\/p>\n\n<p>2. Instalacja plik\u00f3w \u201ecookies\u201d jest konieczna do prawid\u0142owego \u015bwiadczenia us\u0142ug na stronie internetowej Serwisu. W plikach \u201ecookies&#8221; znajduj\u0105 si\u0119 informacje niezb\u0119dne do prawid\u0142owego funkcjonowania strony, a tak\u017ce daj\u0105 one tak\u017ce mo\u017cliwo\u015b\u0107 opracowywania og\u00f3lnych statystyk odwiedzin strony internetowej.<\/p>\n\n<p>3. W ramach strony stosowane s\u0105 dwa rodzaje plik\u00f3w \u201ecookies\u201d: \u201esesyjne\u201d oraz \u201esta\u0142e\u201d.<\/p>\n\n<p>3.1. \u201eCookies\u201d \u201esesyjne\u201d s\u0105 plikami tymczasowymi, kt\u00f3re przechowywane s\u0105 w urz\u0105dzeniu ko\u0144cowym Us\u0142ugobiorcy do czasu wylogowania (opuszczenia strony).<\/p>\n\n<p>3.2. \u201eSta\u0142e\u201d pliki \u201ecookies\u201d przechowywane s\u0105 w urz\u0105dzeniu ko\u0144cowym Us\u0142ugobiorcy przez czas okre\u015blony w parametrach plik\u00f3w \u201ecookies\u201d lub do czasu ich usuni\u0119cia przez Us\u0142ugobiorc\u0119.<\/p>\n\n<p>4. Administrator wykorzystuje w\u0142asne pliki cookies w celu lepszego poznania sposobu interakcji Us\u0142ugobiorc\u00f3w w zakresie zawarto\u015bci strony. Pliki gromadz\u0105 informacje o sposobie korzystania ze strony internetowej przez Us\u0142ugobiorc\u0119, typie strony, z jakiej Us\u0142ugobiorca zosta\u0142 przekierowany oraz liczbie odwiedzin i czasie wizyty Us\u0142ugobiorcy na stronie internetowej. Informacje te nie rejestruj\u0105 konkretnych danych osobowych Us\u0142ugobiorcy, lecz s\u0142u\u017c\u0105 do opracowania statystyk korzystania ze strony.<\/p>\n\n<p>5. Administrator wykorzystuje zewn\u0119trzne pliki cookies w celu zbierania og\u00f3lnych i anonimowych danych statycznych za po\u015brednictwem narz\u0119dzi analitycznych Google Analytics (administrator cookies zewn\u0119trznego: Google Inc. z siedzib\u0105 w USA).<\/p>\n\n<p>6. Pliki cookies mog\u0105 by\u0107 r\u00f3wnie\u017c wykorzystywane przez sieci reklamowe, w szczeg\u00f3lno\u015bci sie\u0107 Google, w celu wy\u015bwietlania reklam dopasowanych do sposobu, w jaki Us\u0142ugobiorca korzysta z Serwisu. W tym celu mog\u0105 zachowa\u0107 informacj\u0119 o \u015bcie\u017cce nawigacji Us\u0142ugobiorcy lub czasie pozostawania na danej stronie.<\/p>\n\n<p>7. Us\u0142ugobiorca ma prawo zadecydowania w zakresie dost\u0119pu plik\u00f3w \u201ecookies\u201d do swojego komputera poprzez ich uprzedni wyb\u00f3r w oknie swojej przegl\u0105darki. Szczeg\u00f3\u0142owe informacje o mo\u017cliwo\u015bci i sposobach obs\u0142ugi plik\u00f3w \u201ecookies\u201d dost\u0119pne s\u0105 w ustawieniach oprogramowania (przegl\u0105darki internetowej).<\/p>\n\n<h5 class=\"wp-block-heading\"><strong><strong>6. POSTANOWIENIA KO\u0143COWE<\/strong><\/strong><\/h5>\n\n<p>1. Administrator stosuje \u015brodki techniczne i organizacyjne zapewniaj\u0105ce ochron\u0119 przetwarzanych danych osobowych odpowiedni\u0105 do zagro\u017ce\u0144 oraz kategorii danych obj\u0119tych ochron\u0105, a w szczeg\u00f3lno\u015bci zabezpiecza dane przed ich udost\u0119pnieniem osobom nieupowa\u017cnionym, zabraniem przez osob\u0119 nieuprawnion\u0105, przetwarzaniem z naruszeniem obowi\u0105zuj\u0105cych przepis\u00f3w oraz zmian\u0105, utrat\u0105, uszkodzeniem lub zniszczeniem.<\/p>\n\n<p>2. Administrator udost\u0119pnia odpowiednie \u015brodki techniczne zapobiegaj\u0105ce pozyskiwaniu i modyfikowaniu przez osoby nieuprawnione, danych osobowych przesy\u0142anych drog\u0105 elektroniczn\u0105.<\/p>\n\n<p>3. W sprawach nieuregulowanych niniejsz\u0105 Polityk\u0105 prywatno\u015bci stosuje si\u0119 odpowiednio przepisy RODO oraz inne w\u0142a\u015bciwe przepisy prawa polskiego.<\/p>\n\t\t\t\t\t\t<\/div>\n\t\t\t\t<\/div>\n\t\t\t\t\t<\/div>\n\t\t\t\t<\/div>\n\t\t\t\t\t\t\t<\/div>\n\t\t","protected":false},"excerpt":{"rendered":"<p>POLITYKA PRYWATNO\u015aCI 1. POSTANOWIENIA OG\u00d3LNE 1. Administratorem danych osobowych zbieranych za po\u015brednictwem Serwisu internetowego https:\/\/yarmakrealestate.pl\/ jest Aleh Yarmak prowadz\u0105cy dzia\u0142alno\u015b\u0107 gospodarcz\u0105 pod firm\u0105 Aleh Yarmak w Sulej\u00f3wku przy ul. Wodoci\u0105gowa 9\/13, NIP 8222380102, REGON 385586540, wpisanym\/n\u0105 do Centralnej Ewidencji i Informacji o Dzia\u0142alno\u015bci Gospodarczej Rzeczypospolitej Polskiej adres poczty elektronicznej (e-mail): alehyarmak.realestate@gmail.com, telefon +48 (536) 468 [&hellip;]<\/p>\n","protected":false},"author":1,"featured_media":0,"parent":0,"menu_order":0,"comment_status":"closed","ping_status":"closed","template":"elementor_header_footer","meta":[],"_links":{"self":[{"href":"https:\/\/yarmakrealestate.pl\/pl\/wp-json\/wp\/v2\/pages\/47431"}],"collection":[{"href":"https:\/\/yarmakrealestate.pl\/pl\/wp-json\/wp\/v2\/pages"}],"about":[{"href":"https:\/\/yarmakrealestate.pl\/pl\/wp-json\/wp\/v2\/types\/page"}],"author":[{"embeddable":true,"href":"https:\/\/yarmakrealestate.pl\/pl\/wp-json\/wp\/v2\/users\/1"}],"replies":[{"embeddable":true,"href":"https:\/\/yarmakrealestate.pl\/pl\/wp-json\/wp\/v2\/comments?post=47431"}],"version-history":[{"count":25,"href":"https:\/\/yarmakrealestate.pl\/pl\/wp-json\/wp\/v2\/pages\/47431\/revisions"}],"predecessor-version":[{"id":47535,"href":"https:\/\/yarmakrealestate.pl\/pl\/wp-json\/wp\/v2\/pages\/47431\/revisions\/47535"}],"wp:attachment":[{"href":"https:\/\/yarmakrealestate.pl\/pl\/wp-json\/wp\/v2\/media?parent=47431"}],"curies":[{"name":"wp","href":"https:\/\/api.w.org\/{rel}","templated":true}]}}